{"id":21,"date":"2026-02-03T00:22:59","date_gmt":"2026-02-03T00:22:59","guid":{"rendered":"https:\/\/laurapardini.fr\/?page_id=21"},"modified":"2026-02-03T00:42:56","modified_gmt":"2026-02-03T00:42:56","slug":"a-propos","status":"publish","type":"page","link":"https:\/\/laurapardini.fr\/index.php\/a-propos\/","title":{"rendered":"\u00c0 propos"},"content":{"rendered":"\n<div class=\"wp-block-group alignfull has-global-padding is-layout-constrained wp-block-group-is-layout-constrained\" style=\"margin-top:0;margin-bottom:0;padding-top:var(--wp--preset--spacing--60);padding-bottom:var(--wp--preset--spacing--60)\">\n<div class=\"wp-block-columns alignwide is-layout-flex wp-container-core-columns-is-layout-74b2cda3 wp-block-columns-is-layout-flex\">\n<div class=\"wp-block-column is-layout-flow wp-block-column-is-layout-flow\" style=\"padding-top:0;padding-right:0;padding-bottom:0;padding-left:0\">\n<figure class=\"wp-block-image aligncenter size-large is-resized\"><img loading=\"lazy\" decoding=\"async\" width=\"768\" height=\"1024\" src=\"http:\/\/laurapardini.fr\/wp-content\/uploads\/2026\/02\/L-Pardini-Portrait-768x1024.jpeg\" alt=\"\" class=\"wp-image-17\" style=\"aspect-ratio:1;object-fit:cover;width:311px;height:auto\" srcset=\"https:\/\/laurapardini.fr\/wp-content\/uploads\/2026\/02\/L-Pardini-Portrait-768x1024.jpeg 768w, https:\/\/laurapardini.fr\/wp-content\/uploads\/2026\/02\/L-Pardini-Portrait-225x300.jpeg 225w, https:\/\/laurapardini.fr\/wp-content\/uploads\/2026\/02\/L-Pardini-Portrait-1152x1536.jpeg 1152w, https:\/\/laurapardini.fr\/wp-content\/uploads\/2026\/02\/L-Pardini-Portrait-1537x2048.jpeg 1537w, https:\/\/laurapardini.fr\/wp-content\/uploads\/2026\/02\/L-Pardini-Portrait-scaled.jpeg 1921w\" sizes=\"auto, (max-width: 768px) 100vw, 768px\" \/><\/figure>\n<\/div>\n<\/div>\n<\/div>\n\n\n\n<p class=\"has-text-align-center\">                    Ma pratique commence dans le dessin et s&#8217;\u00e9tend dans la terre. Elle pioche dans la poterie traditionnelle et s&#8217;augmente d&#8217;apparats \u00e0 la lisi\u00e8re de mon imagination et de d\u00e9cors de fa\u00efence ou d&#8217;architecture.           Le vocabulaire des pi\u00e8ces s&#8217;exprime par des pastillages et une palette d&#8217;\u00e9maux reprenant les nuances d&#8217;un torrent de montagne. <\/p>\n\n\n\n<p class=\"has-text-align-center\">Les formes aux reflets lacustres se superposent et se r\u00e9galent de mets d\u00e9licieux. De l\u00e0, n\u00e9 un utilitaire vari\u00e9 pour partager un banquet joyeux et festif. Ces r\u00e9cipients \u00e0 convivialit\u00e9 appellent alors des compositions gourmandes qui dansent avec les motifs de la terre.<\/p>\n","protected":false},"excerpt":{"rendered":"<p>Ma pratique commence dans le dessin et s&#8217;\u00e9tend dans la terre. Elle pioche dans la poterie traditionnelle et s&#8217;augmente d&#8217;apparats \u00e0 la lisi\u00e8re de mon imagination et de d\u00e9cors de fa\u00efence ou d&#8217;architecture. Le vocabulaire des pi\u00e8ces s&#8217;exprime par des pastillages et une palette d&#8217;\u00e9maux reprenant les nuances d&#8217;un torrent de montagne. Les formes aux [&hellip;]<\/p>\n","protected":false},"author":1,"featured_media":0,"parent":0,"menu_order":4,"comment_status":"closed","ping_status":"closed","template":"","meta":{"footnotes":""},"class_list":["post-21","page","type-page","status-publish","hentry"],"_links":{"self":[{"href":"https:\/\/laurapardini.fr\/index.php\/wp-json\/wp\/v2\/pages\/21","targetHints":{"allow":["GET"]}}],"collection":[{"href":"https:\/\/laurapardini.fr\/index.php\/wp-json\/wp\/v2\/pages"}],"about":[{"href":"https:\/\/laurapardini.fr\/index.php\/wp-json\/wp\/v2\/types\/page"}],"author":[{"embeddable":true,"href":"https:\/\/laurapardini.fr\/index.php\/wp-json\/wp\/v2\/users\/1"}],"replies":[{"embeddable":true,"href":"https:\/\/laurapardini.fr\/index.php\/wp-json\/wp\/v2\/comments?post=21"}],"version-history":[{"count":5,"href":"https:\/\/laurapardini.fr\/index.php\/wp-json\/wp\/v2\/pages\/21\/revisions"}],"predecessor-version":[{"id":56,"href":"https:\/\/laurapardini.fr\/index.php\/wp-json\/wp\/v2\/pages\/21\/revisions\/56"}],"wp:attachment":[{"href":"https:\/\/laurapardini.fr\/index.php\/wp-json\/wp\/v2\/media?parent=21"}],"curies":[{"name":"wp","href":"https:\/\/api.w.org\/{rel}","templated":true}]}}